{"id":2233,"date":"2023-04-20T10:00:45","date_gmt":"2023-04-20T08:00:45","guid":{"rendered":"https:\/\/www.onakcanoes.com\/?post_type=product&#038;p=2233"},"modified":"2026-04-13T12:27:01","modified_gmt":"2026-04-13T10:27:01","slug":"onak-x-full-package","status":"publish","type":"product","link":"https:\/\/www.onakcanoes.com\/de\/produkt\/onak-x-full-package\/","title":{"rendered":"ONAK-X Canoe Full Package"},"content":{"rendered":"<p>Was ist in diesem Paket enthalten:<\/p>\n<ul>\n<li><strong>1x ONAK-X\u00a0<\/strong><\/li>\n<li><strong>2x SEVYLOR Kanupaddel<\/strong><\/li>\n<li><strong>2x ONAK Bamboo R\u00fcckenlehne<\/strong><\/li>\n<li><strong>2x ONAK Schwimmweste<\/strong><\/li>\n<li><strong>1x ONAK-Trolley-System<\/strong><\/li>\n<\/ul>\n<p>&nbsp;<\/p>\n<p>Die X-Edition von ONAK feiert 8 Jahre faltbaren Erfolg:<\/p>\n<ul>\n<li>Das leichteste faltbare Kanu der Welt, konstruiert f\u00fcr ein Gewicht von nur 14,5 kg<\/li>\n<li>Einzigartiges Sitzsystem f\u00fcr ein h\u00f6heres Ma\u00df an Komfort und Stabilit\u00e4t.<\/li>\n<li>Hybrid Paddeloptionen sowohl als Kanu als auch als Kajak<\/li>\n<li>Solo- oder Duo-Nutzung<\/li>\n<li>Einfaches Trage- und Paddelpaket<\/li>\n<\/ul>","protected":false},"excerpt":{"rendered":"<p><span style=\"color: #ff0000;\"><strong>NUR NOCH BEGRENZT AUF LAGER!<\/strong><\/span><\/p>","protected":false},"featured_media":10680,"template":"","meta":{"_acf_changed":false,"_monsterinsights_skip_tracking":false,"_monsterinsights_sitenote_active":false,"_monsterinsights_sitenote_note":"","_monsterinsights_sitenote_category":0},"product_cat":[149],"product_tag":[152,146],"class_list":{"0":"post-2233","1":"product","2":"type-product","3":"status-publish","4":"has-post-thumbnail","6":"product_cat-boats","7":"product_tag-fullpackage","8":"product_tag-sale","9":"product_shipping_class-x-y-air","11":"first","12":"instock","13":"taxable","14":"shipping-taxable","15":"purchasable","16":"product-type-simple","swatches":"rey-swatches","show_selected":""},"acf":[],"_links":{"self":[{"href":"https:\/\/www.onakcanoes.com\/de\/wp-json\/wp\/v2\/product\/2233","targetHints":{"allow":["GET"]}}],"collection":[{"href":"https:\/\/www.onakcanoes.com\/de\/wp-json\/wp\/v2\/product"}],"about":[{"href":"https:\/\/www.onakcanoes.com\/de\/wp-json\/wp\/v2\/types\/product"}],"wp:featuredmedia":[{"embeddable":true,"href":"https:\/\/www.onakcanoes.com\/de\/wp-json\/wp\/v2\/media\/10680"}],"wp:attachment":[{"href":"https:\/\/www.onakcanoes.com\/de\/wp-json\/wp\/v2\/media?parent=2233"}],"wp:term":[{"taxonomy":"product_cat","embeddable":true,"href":"https:\/\/www.onakcanoes.com\/de\/wp-json\/wp\/v2\/product_cat?post=2233"},{"taxonomy":"product_tag","embeddable":true,"href":"https:\/\/www.onakcanoes.com\/de\/wp-json\/wp\/v2\/product_tag?post=2233"}],"curies":[{"name":"wp","href":"https:\/\/api.w.org\/{rel}","templated":true}]}}