{"id":9613,"date":"2022-05-01T10:30:08","date_gmt":"2022-05-01T08:30:08","guid":{"rendered":"https:\/\/www.onakcanoes.com\/?post_type=product&#038;p=9613"},"modified":"2026-04-13T14:12:08","modified_gmt":"2026-04-13T12:12:08","slug":"onak-bato","status":"publish","type":"product","link":"https:\/\/www.onakcanoes.com\/de\/produkt\/onak-bato\/","title":{"rendered":"ONAK Bato"},"content":{"rendered":"<h2>ONAK Bato, Our most fun kayak<\/h2>\n<p>Was ist in diesem Paket enthalten:<\/p>\n<ul>\n<li><strong>1x ONAK Bato<\/strong><\/li>\n<li><strong>1x ONAK Packsack 5L<\/strong><\/li>\n<\/ul>\n<p>(Paddle, Carrier Bag and Bamboo Backrest are not included)<\/p>\n<ul>\n<li class=\"translation-block\">Ein <strong>EASY <\/strong>Reisekajak<\/li>\n<li class=\"translation-block\">Wahrscheinlich das <b>LEICHTESTE<\/b> Faltkajak der Welt mit nur 7kg<\/li>\n<li class=\"translation-block\"><b>EINZIGARTIGES<\/b> Sitzsystem, das ein h\u00f6heres Ma\u00df an Komfort und Stabilit\u00e4t bietet<\/li>\n<li class=\"translation-block\"><b> EINFACH <\/b> Plug &amp; Paddle-Paket.<\/li>\n<\/ul>","protected":false},"excerpt":{"rendered":"<p>ONAK Bato, Our most fun kayak What is included in this package: 1x ONAK Bato 1x ONAK Dry Bag 5L (Paddle, Carrier Bag and Bamboo Backrest are not included) An EASY travel kayak Probably worlds LIGHTEST foldable kayak with only 7kg UNIQUE seating system providing a higher level of comfort and stability SIMPLE\u00a0Plug &amp; Paddle [&hellip;]<\/p>\n","protected":false},"featured_media":10674,"template":"","meta":{"_acf_changed":false,"_monsterinsights_skip_tracking":false,"_monsterinsights_sitenote_active":false,"_monsterinsights_sitenote_note":"","_monsterinsights_sitenote_category":0},"product_cat":[149],"product_tag":[],"class_list":{"0":"post-9613","1":"product","2":"type-product","3":"status-publish","4":"has-post-thumbnail","6":"product_cat-boats","7":"product_shipping_class-bato","9":"first","10":"outofstock","11":"taxable","12":"shipping-taxable","13":"purchasable","14":"product-type-simple","swatches":"rey-swatches","show_selected":""},"acf":[],"_links":{"self":[{"href":"https:\/\/www.onakcanoes.com\/de\/wp-json\/wp\/v2\/product\/9613","targetHints":{"allow":["GET"]}}],"collection":[{"href":"https:\/\/www.onakcanoes.com\/de\/wp-json\/wp\/v2\/product"}],"about":[{"href":"https:\/\/www.onakcanoes.com\/de\/wp-json\/wp\/v2\/types\/product"}],"wp:featuredmedia":[{"embeddable":true,"href":"https:\/\/www.onakcanoes.com\/de\/wp-json\/wp\/v2\/media\/10674"}],"wp:attachment":[{"href":"https:\/\/www.onakcanoes.com\/de\/wp-json\/wp\/v2\/media?parent=9613"}],"wp:term":[{"taxonomy":"product_cat","embeddable":true,"href":"https:\/\/www.onakcanoes.com\/de\/wp-json\/wp\/v2\/product_cat?post=9613"},{"taxonomy":"product_tag","embeddable":true,"href":"https:\/\/www.onakcanoes.com\/de\/wp-json\/wp\/v2\/product_tag?post=9613"}],"curies":[{"name":"wp","href":"https:\/\/api.w.org\/{rel}","templated":true}]}}