{"id":11162,"date":"2023-06-23T12:15:38","date_gmt":"2023-06-23T10:15:38","guid":{"rendered":"https:\/\/www.onakcanoes.com\/?post_type=product&#038;p=11162"},"modified":"2026-04-13T12:22:53","modified_gmt":"2026-04-13T10:22:53","slug":"onak-kajak","status":"publish","type":"product","link":"https:\/\/www.onakcanoes.com\/fr\/produit\/onak-kajak\/","title":{"rendered":"ONAK Kajak"},"content":{"rendered":"<p>Ce qui est inclus dans ce paquet:<\/p>\n<ul>\n<li><strong>1x ONAK Kajak<\/strong><\/li>\n<li>(pagaie de kayak non incluse)<\/li>\n<li>1 FREE Dry Bag<\/li>\n<\/ul>\n<p>&nbsp;<\/p>\n<p>ONAK c\u00e9l\u00e8bre 8 ans de succ\u00e8s dans le domaine du pliage:<\/p>\n<ul>\n<li>Conception fonctionnelle: minimiser le nombre de pi\u00e8ces et de mat\u00e9riaux<\/li>\n<li>Con\u00e7u et fabriqu\u00e9 en Belgique et en Allemagne<\/li>\n<li>Utilisation de mat\u00e9riaux recyclables<\/li>\n<li>Pas d'utilisation de colle ou d'autres \u00e9l\u00e9ments de fixation<\/li>\n<\/ul>","protected":false},"excerpt":{"rendered":"<p>Le Onak Kajak est notre dernier mod\u00e8le polyvalent, parfaitement adapt\u00e9 aux voyages aventureux en solitaire ou aux activit\u00e9s familiales d\u00e9tendues: Un kayak semi-ouvert qui d\u00e9passera vos attentes en mati\u00e8re de bateau pliant. Con\u00e7u pour \u00eatre utilis\u00e9 sur une vari\u00e9t\u00e9 d'eaux, avec des possibilit\u00e9s infinies. Le kayak Onak est extr\u00eamement l\u00e9ger et facile \u00e0 monter. Un kayak en origami pour tous.<\/p>","protected":false},"featured_media":11908,"template":"","meta":{"_acf_changed":false,"_monsterinsights_skip_tracking":false,"_monsterinsights_sitenote_active":false,"_monsterinsights_sitenote_note":"","_monsterinsights_sitenote_category":0},"product_cat":[149],"product_tag":[],"class_list":{"0":"post-11162","1":"product","2":"type-product","3":"status-publish","4":"has-post-thumbnail","6":"product_cat-boats","7":"product_shipping_class-x-y-air","9":"first","10":"instock","11":"taxable","12":"shipping-taxable","13":"purchasable","14":"product-type-simple","swatches":"rey-swatches","show_selected":""},"acf":[],"_links":{"self":[{"href":"https:\/\/www.onakcanoes.com\/fr\/wp-json\/wp\/v2\/product\/11162","targetHints":{"allow":["GET"]}}],"collection":[{"href":"https:\/\/www.onakcanoes.com\/fr\/wp-json\/wp\/v2\/product"}],"about":[{"href":"https:\/\/www.onakcanoes.com\/fr\/wp-json\/wp\/v2\/types\/product"}],"wp:featuredmedia":[{"embeddable":true,"href":"https:\/\/www.onakcanoes.com\/fr\/wp-json\/wp\/v2\/media\/11908"}],"wp:attachment":[{"href":"https:\/\/www.onakcanoes.com\/fr\/wp-json\/wp\/v2\/media?parent=11162"}],"wp:term":[{"taxonomy":"product_cat","embeddable":true,"href":"https:\/\/www.onakcanoes.com\/fr\/wp-json\/wp\/v2\/product_cat?post=11162"},{"taxonomy":"product_tag","embeddable":true,"href":"https:\/\/www.onakcanoes.com\/fr\/wp-json\/wp\/v2\/product_tag?post=11162"}],"curies":[{"name":"wp","href":"https:\/\/api.w.org\/{rel}","templated":true}]}}