{"id":4528,"date":"2021-03-04T12:49:42","date_gmt":"2021-03-04T11:49:42","guid":{"rendered":"https:\/\/www.onakcanoes.com\/?post_type=product&#038;p=4528"},"modified":"2026-04-13T12:31:36","modified_gmt":"2026-04-13T10:31:36","slug":"onak-vest","status":"publish","type":"product","link":"https:\/\/www.onakcanoes.com\/fr\/produit\/onak-vest\/","title":{"rendered":"gilet de bain ONAK"},"content":{"rendered":"<p>Le gilet de bain ONAK, un gilet de flottaison confortable pour les sports nautiques. Un gilet de flottaison r\u00e9sistant aux chocs, compos\u00e9 d'un rembourrage en mousse recouvert de n\u00e9opr\u00e8ne noir.<\/p>\n<p>Il s'agit d'une aide \u00e0 la flottaison (et non d'un gilet de sauvetage).<\/p>\n<p>Disponible en taille unique pour adulte uniquement.<\/p>","protected":false},"excerpt":{"rendered":"<p>taille unique<\/p>","protected":false},"featured_media":9684,"template":"","meta":{"_acf_changed":false,"_monsterinsights_skip_tracking":false,"_monsterinsights_sitenote_active":false,"_monsterinsights_sitenote_note":"","_monsterinsights_sitenote_category":0},"product_cat":[148],"product_tag":[],"class_list":{"0":"post-4528","1":"product","2":"type-product","3":"status-publish","4":"has-post-thumbnail","6":"product_cat-accessories","7":"product_shipping_class-accessory","9":"first","10":"instock","11":"taxable","12":"shipping-taxable","13":"purchasable","14":"product-type-simple","swatches":"rey-swatches","show_selected":""},"acf":[],"_links":{"self":[{"href":"https:\/\/www.onakcanoes.com\/fr\/wp-json\/wp\/v2\/product\/4528","targetHints":{"allow":["GET"]}}],"collection":[{"href":"https:\/\/www.onakcanoes.com\/fr\/wp-json\/wp\/v2\/product"}],"about":[{"href":"https:\/\/www.onakcanoes.com\/fr\/wp-json\/wp\/v2\/types\/product"}],"wp:featuredmedia":[{"embeddable":true,"href":"https:\/\/www.onakcanoes.com\/fr\/wp-json\/wp\/v2\/media\/9684"}],"wp:attachment":[{"href":"https:\/\/www.onakcanoes.com\/fr\/wp-json\/wp\/v2\/media?parent=4528"}],"wp:term":[{"taxonomy":"product_cat","embeddable":true,"href":"https:\/\/www.onakcanoes.com\/fr\/wp-json\/wp\/v2\/product_cat?post=4528"},{"taxonomy":"product_tag","embeddable":true,"href":"https:\/\/www.onakcanoes.com\/fr\/wp-json\/wp\/v2\/product_tag?post=4528"}],"curies":[{"name":"wp","href":"https:\/\/api.w.org\/{rel}","templated":true}]}}